{"id":484,"date":"2017-06-15T07:05:37","date_gmt":"2017-06-15T07:05:37","guid":{"rendered":"http:\/\/momentingroup.wpengine.com\/home\/"},"modified":"2026-03-02T13:08:25","modified_gmt":"2026-03-02T13:08:25","slug":"home","status":"publish","type":"page","link":"http:\/\/momentingroup.com\/en\/","title":{"rendered":"Home"},"content":{"rendered":"<h1>Life is made up of moments. Moments that mean something to us.<\/h1>\n","protected":false},"excerpt":{"rendered":"<p>Life is made up of moments. Moments that mean something to us.<\/p>\n","protected":false},"author":1,"featured_media":3185,"parent":0,"menu_order":23,"comment_status":"closed","ping_status":"closed","template":"","meta":{"_acf_changed":false,"footnotes":""},"class_list":["post-484","page","type-page","status-publish","has-post-thumbnail","hentry"],"acf":[],"yoast_head":"<!-- This site is optimized with the Yoast SEO plugin v27.3 - https:\/\/yoast.com\/product\/yoast-seo-wordpress\/ -->\n<title>Momentin Group \u2013 El\u00e4m\u00e4 koostuu hetkist\u00e4<\/title>\n<meta name=\"description\" content=\"Momentin Group on Lehdon perheen 100% omistama Momentin-konsernin emoyhti\u00f6. Yhteens\u00e4 konsernin yrityksiss\u00e4 ty\u00f6skentelee n. 150 asiantuntijaa ja vahvan osaamisen pohjana toimii 30 vuoden kokemus juomatuote- ja ravintola-alalta\" \/>\n<meta name=\"robots\" content=\"index, follow, max-snippet:-1, max-image-preview:large, max-video-preview:-1\" \/>\n<link rel=\"canonical\" href=\"http:\/\/momentingroup.com\/en\/\" \/>\n<meta property=\"og:locale\" content=\"en_US\" \/>\n<meta property=\"og:type\" content=\"article\" \/>\n<meta property=\"og:title\" content=\"Momentin Group \u2013 El\u00e4m\u00e4 koostuu hetkist\u00e4\" \/>\n<meta property=\"og:description\" content=\"Momentin Group on Lehdon perheen 100% omistama Momentin-konsernin emoyhti\u00f6. Yhteens\u00e4 konsernin yrityksiss\u00e4 ty\u00f6skentelee n. 150 asiantuntijaa ja vahvan osaamisen pohjana toimii 30 vuoden kokemus juomatuote- ja ravintola-alalta\" \/>\n<meta property=\"og:url\" content=\"http:\/\/momentingroup.com\/en\/\" \/>\n<meta property=\"og:site_name\" content=\"Momentin Group\" \/>\n<meta property=\"article:modified_time\" content=\"2026-03-02T13:08:25+00:00\" \/>\n<meta property=\"og:image\" content=\"https:\/\/momentingroup.com\/wp-content\/uploads\/tausta-2.png\" \/>\n\t<meta property=\"og:image:width\" content=\"1188\" \/>\n\t<meta property=\"og:image:height\" content=\"387\" \/>\n\t<meta property=\"og:image:type\" content=\"image\/png\" \/>\n<meta name=\"twitter:label1\" content=\"Est. reading time\" \/>\n\t<meta name=\"twitter:data1\" content=\"1 minute\" \/>\n<script type=\"application\/ld+json\" class=\"yoast-schema-graph\">{\"@context\":\"https:\\\/\\\/schema.org\",\"@graph\":[{\"@type\":\"WebPage\",\"@id\":\"http:\\\/\\\/momentingroup.com\\\/en\\\/\",\"url\":\"http:\\\/\\\/momentingroup.com\\\/en\\\/\",\"name\":\"Momentin Group \u2013 El\u00e4m\u00e4 koostuu hetkist\u00e4\",\"isPartOf\":{\"@id\":\"https:\\\/\\\/momentingroup.com\\\/en\\\/#website\"},\"primaryImageOfPage\":{\"@id\":\"http:\\\/\\\/momentingroup.com\\\/en\\\/#primaryimage\"},\"image\":{\"@id\":\"http:\\\/\\\/momentingroup.com\\\/en\\\/#primaryimage\"},\"thumbnailUrl\":\"https:\\\/\\\/momentingroup.com\\\/wp-content\\\/uploads\\\/tausta-2.png\",\"datePublished\":\"2017-06-15T07:05:37+00:00\",\"dateModified\":\"2026-03-02T13:08:25+00:00\",\"description\":\"Momentin Group on Lehdon perheen 100% omistama Momentin-konsernin emoyhti\u00f6. Yhteens\u00e4 konsernin yrityksiss\u00e4 ty\u00f6skentelee n. 150 asiantuntijaa ja vahvan osaamisen pohjana toimii 30 vuoden kokemus juomatuote- ja ravintola-alalta\",\"breadcrumb\":{\"@id\":\"http:\\\/\\\/momentingroup.com\\\/en\\\/#breadcrumb\"},\"inLanguage\":\"en-US\",\"potentialAction\":[{\"@type\":\"ReadAction\",\"target\":[\"http:\\\/\\\/momentingroup.com\\\/en\\\/\"]}]},{\"@type\":\"ImageObject\",\"inLanguage\":\"en-US\",\"@id\":\"http:\\\/\\\/momentingroup.com\\\/en\\\/#primaryimage\",\"url\":\"https:\\\/\\\/momentingroup.com\\\/wp-content\\\/uploads\\\/tausta-2.png\",\"contentUrl\":\"https:\\\/\\\/momentingroup.com\\\/wp-content\\\/uploads\\\/tausta-2.png\",\"width\":1188,\"height\":387},{\"@type\":\"BreadcrumbList\",\"@id\":\"http:\\\/\\\/momentingroup.com\\\/en\\\/#breadcrumb\",\"itemListElement\":[{\"@type\":\"ListItem\",\"position\":1,\"name\":\"Home\",\"item\":\"http:\\\/\\\/momentingroup.com\\\/en\\\/\"},{\"@type\":\"ListItem\",\"position\":2,\"name\":\"Home\"}]},{\"@type\":\"WebSite\",\"@id\":\"https:\\\/\\\/momentingroup.com\\\/en\\\/#website\",\"url\":\"https:\\\/\\\/momentingroup.com\\\/en\\\/\",\"name\":\"Momentin Group\",\"description\":\"El\u00e4m\u00e4 koostuu hetkist\u00e4\",\"potentialAction\":[{\"@type\":\"SearchAction\",\"target\":{\"@type\":\"EntryPoint\",\"urlTemplate\":\"https:\\\/\\\/momentingroup.com\\\/en\\\/?s={search_term_string}\"},\"query-input\":{\"@type\":\"PropertyValueSpecification\",\"valueRequired\":true,\"valueName\":\"search_term_string\"}}],\"inLanguage\":\"en-US\"}]}<\/script>\n<!-- \/ Yoast SEO plugin. -->","yoast_head_json":{"title":"Momentin Group \u2013 El\u00e4m\u00e4 koostuu hetkist\u00e4","description":"Momentin Group on Lehdon perheen 100% omistama Momentin-konsernin emoyhti\u00f6. Yhteens\u00e4 konsernin yrityksiss\u00e4 ty\u00f6skentelee n. 150 asiantuntijaa ja vahvan osaamisen pohjana toimii 30 vuoden kokemus juomatuote- ja ravintola-alalta","robots":{"index":"index","follow":"follow","max-snippet":"max-snippet:-1","max-image-preview":"max-image-preview:large","max-video-preview":"max-video-preview:-1"},"canonical":"http:\/\/momentingroup.com\/en\/","og_locale":"en_US","og_type":"article","og_title":"Momentin Group \u2013 El\u00e4m\u00e4 koostuu hetkist\u00e4","og_description":"Momentin Group on Lehdon perheen 100% omistama Momentin-konsernin emoyhti\u00f6. Yhteens\u00e4 konsernin yrityksiss\u00e4 ty\u00f6skentelee n. 150 asiantuntijaa ja vahvan osaamisen pohjana toimii 30 vuoden kokemus juomatuote- ja ravintola-alalta","og_url":"http:\/\/momentingroup.com\/en\/","og_site_name":"Momentin Group","article_modified_time":"2026-03-02T13:08:25+00:00","og_image":[{"width":1188,"height":387,"url":"https:\/\/momentingroup.com\/wp-content\/uploads\/tausta-2.png","type":"image\/png"}],"twitter_misc":{"Est. reading time":"1 minute"},"schema":{"@context":"https:\/\/schema.org","@graph":[{"@type":"WebPage","@id":"http:\/\/momentingroup.com\/en\/","url":"http:\/\/momentingroup.com\/en\/","name":"Momentin Group \u2013 El\u00e4m\u00e4 koostuu hetkist\u00e4","isPartOf":{"@id":"https:\/\/momentingroup.com\/en\/#website"},"primaryImageOfPage":{"@id":"http:\/\/momentingroup.com\/en\/#primaryimage"},"image":{"@id":"http:\/\/momentingroup.com\/en\/#primaryimage"},"thumbnailUrl":"https:\/\/momentingroup.com\/wp-content\/uploads\/tausta-2.png","datePublished":"2017-06-15T07:05:37+00:00","dateModified":"2026-03-02T13:08:25+00:00","description":"Momentin Group on Lehdon perheen 100% omistama Momentin-konsernin emoyhti\u00f6. Yhteens\u00e4 konsernin yrityksiss\u00e4 ty\u00f6skentelee n. 150 asiantuntijaa ja vahvan osaamisen pohjana toimii 30 vuoden kokemus juomatuote- ja ravintola-alalta","breadcrumb":{"@id":"http:\/\/momentingroup.com\/en\/#breadcrumb"},"inLanguage":"en-US","potentialAction":[{"@type":"ReadAction","target":["http:\/\/momentingroup.com\/en\/"]}]},{"@type":"ImageObject","inLanguage":"en-US","@id":"http:\/\/momentingroup.com\/en\/#primaryimage","url":"https:\/\/momentingroup.com\/wp-content\/uploads\/tausta-2.png","contentUrl":"https:\/\/momentingroup.com\/wp-content\/uploads\/tausta-2.png","width":1188,"height":387},{"@type":"BreadcrumbList","@id":"http:\/\/momentingroup.com\/en\/#breadcrumb","itemListElement":[{"@type":"ListItem","position":1,"name":"Home","item":"http:\/\/momentingroup.com\/en\/"},{"@type":"ListItem","position":2,"name":"Home"}]},{"@type":"WebSite","@id":"https:\/\/momentingroup.com\/en\/#website","url":"https:\/\/momentingroup.com\/en\/","name":"Momentin Group","description":"El\u00e4m\u00e4 koostuu hetkist\u00e4","potentialAction":[{"@type":"SearchAction","target":{"@type":"EntryPoint","urlTemplate":"https:\/\/momentingroup.com\/en\/?s={search_term_string}"},"query-input":{"@type":"PropertyValueSpecification","valueRequired":true,"valueName":"search_term_string"}}],"inLanguage":"en-US"}]}},"_links":{"self":[{"href":"http:\/\/momentingroup.com\/en\/wp-json\/wp\/v2\/pages\/484","targetHints":{"allow":["GET"]}}],"collection":[{"href":"http:\/\/momentingroup.com\/en\/wp-json\/wp\/v2\/pages"}],"about":[{"href":"http:\/\/momentingroup.com\/en\/wp-json\/wp\/v2\/types\/page"}],"author":[{"embeddable":true,"href":"http:\/\/momentingroup.com\/en\/wp-json\/wp\/v2\/users\/1"}],"replies":[{"embeddable":true,"href":"http:\/\/momentingroup.com\/en\/wp-json\/wp\/v2\/comments?post=484"}],"version-history":[{"count":0,"href":"http:\/\/momentingroup.com\/en\/wp-json\/wp\/v2\/pages\/484\/revisions"}],"wp:featuredmedia":[{"embeddable":true,"href":"http:\/\/momentingroup.com\/en\/wp-json\/wp\/v2\/media\/3185"}],"wp:attachment":[{"href":"http:\/\/momentingroup.com\/en\/wp-json\/wp\/v2\/media?parent=484"}],"curies":[{"name":"wp","href":"https:\/\/api.w.org\/{rel}","templated":true}]}}