{"id":520,"date":"2017-07-03T18:06:43","date_gmt":"2017-07-03T18:06:43","guid":{"rendered":"http:\/\/momentingroup.wpengine.com\/import\/"},"modified":"2026-03-02T13:12:32","modified_gmt":"2026-03-02T13:12:32","slug":"import","status":"publish","type":"page","link":"http:\/\/momentingroup.com\/en\/import\/","title":{"rendered":"BevSeeker"},"content":{"rendered":"<h1 style=\"text-align: center;\">Added value for life\u2019s moments<\/h1>\n","protected":false},"excerpt":{"rendered":"<p>Added value for life\u2019s moments<\/p>\n","protected":false},"author":1,"featured_media":344,"parent":0,"menu_order":21,"comment_status":"closed","ping_status":"closed","template":"page-ala.php","meta":{"_acf_changed":false,"footnotes":""},"class_list":["post-520","page","type-page","status-publish","has-post-thumbnail","hentry"],"acf":[],"yoast_head":"<!-- This site is optimized with the Yoast SEO plugin v27.3 - https:\/\/yoast.com\/product\/yoast-seo-wordpress\/ -->\n<title>BevSeeker &#8211; Momentin Group<\/title>\n<meta name=\"robots\" content=\"index, follow, max-snippet:-1, max-image-preview:large, max-video-preview:-1\" \/>\n<link rel=\"canonical\" href=\"http:\/\/momentingroup.com\/en\/import\/\" \/>\n<meta property=\"og:locale\" content=\"en_US\" \/>\n<meta property=\"og:type\" content=\"article\" \/>\n<meta property=\"og:title\" content=\"BevSeeker &#8211; Momentin Group\" \/>\n<meta property=\"og:url\" content=\"http:\/\/momentingroup.com\/en\/import\/\" \/>\n<meta property=\"og:site_name\" content=\"Momentin Group\" \/>\n<meta property=\"article:modified_time\" content=\"2026-03-02T13:12:32+00:00\" \/>\n<meta property=\"og:image\" content=\"https:\/\/momentingroup.com\/wp-content\/uploads\/import.jpg\" \/>\n\t<meta property=\"og:image:width\" content=\"2000\" \/>\n\t<meta property=\"og:image:height\" content=\"960\" \/>\n\t<meta property=\"og:image:type\" content=\"image\/jpeg\" \/>\n<meta name=\"twitter:label1\" content=\"Est. reading time\" \/>\n\t<meta name=\"twitter:data1\" content=\"1 minute\" \/>\n<script type=\"application\/ld+json\" class=\"yoast-schema-graph\">{\"@context\":\"https:\\\/\\\/schema.org\",\"@graph\":[{\"@type\":\"WebPage\",\"@id\":\"http:\\\/\\\/momentingroup.com\\\/en\\\/import\\\/\",\"url\":\"http:\\\/\\\/momentingroup.com\\\/en\\\/import\\\/\",\"name\":\"BevSeeker &#8211; Momentin Group\",\"isPartOf\":{\"@id\":\"https:\\\/\\\/momentingroup.com\\\/en\\\/#website\"},\"primaryImageOfPage\":{\"@id\":\"http:\\\/\\\/momentingroup.com\\\/en\\\/import\\\/#primaryimage\"},\"image\":{\"@id\":\"http:\\\/\\\/momentingroup.com\\\/en\\\/import\\\/#primaryimage\"},\"thumbnailUrl\":\"https:\\\/\\\/momentingroup.com\\\/wp-content\\\/uploads\\\/import.jpg\",\"datePublished\":\"2017-07-03T18:06:43+00:00\",\"dateModified\":\"2026-03-02T13:12:32+00:00\",\"breadcrumb\":{\"@id\":\"http:\\\/\\\/momentingroup.com\\\/en\\\/import\\\/#breadcrumb\"},\"inLanguage\":\"en-US\",\"potentialAction\":[{\"@type\":\"ReadAction\",\"target\":[\"http:\\\/\\\/momentingroup.com\\\/en\\\/import\\\/\"]}]},{\"@type\":\"ImageObject\",\"inLanguage\":\"en-US\",\"@id\":\"http:\\\/\\\/momentingroup.com\\\/en\\\/import\\\/#primaryimage\",\"url\":\"https:\\\/\\\/momentingroup.com\\\/wp-content\\\/uploads\\\/import.jpg\",\"contentUrl\":\"https:\\\/\\\/momentingroup.com\\\/wp-content\\\/uploads\\\/import.jpg\",\"width\":2000,\"height\":960},{\"@type\":\"BreadcrumbList\",\"@id\":\"http:\\\/\\\/momentingroup.com\\\/en\\\/import\\\/#breadcrumb\",\"itemListElement\":[{\"@type\":\"ListItem\",\"position\":1,\"name\":\"Home\",\"item\":\"http:\\\/\\\/momentingroup.com\\\/en\\\/\"},{\"@type\":\"ListItem\",\"position\":2,\"name\":\"BevSeeker\"}]},{\"@type\":\"WebSite\",\"@id\":\"https:\\\/\\\/momentingroup.com\\\/en\\\/#website\",\"url\":\"https:\\\/\\\/momentingroup.com\\\/en\\\/\",\"name\":\"Momentin Group\",\"description\":\"El\u00e4m\u00e4 koostuu hetkist\u00e4\",\"potentialAction\":[{\"@type\":\"SearchAction\",\"target\":{\"@type\":\"EntryPoint\",\"urlTemplate\":\"https:\\\/\\\/momentingroup.com\\\/en\\\/?s={search_term_string}\"},\"query-input\":{\"@type\":\"PropertyValueSpecification\",\"valueRequired\":true,\"valueName\":\"search_term_string\"}}],\"inLanguage\":\"en-US\"}]}<\/script>\n<!-- \/ Yoast SEO plugin. -->","yoast_head_json":{"title":"BevSeeker &#8211; Momentin Group","robots":{"index":"index","follow":"follow","max-snippet":"max-snippet:-1","max-image-preview":"max-image-preview:large","max-video-preview":"max-video-preview:-1"},"canonical":"http:\/\/momentingroup.com\/en\/import\/","og_locale":"en_US","og_type":"article","og_title":"BevSeeker &#8211; Momentin Group","og_url":"http:\/\/momentingroup.com\/en\/import\/","og_site_name":"Momentin Group","article_modified_time":"2026-03-02T13:12:32+00:00","og_image":[{"width":2000,"height":960,"url":"https:\/\/momentingroup.com\/wp-content\/uploads\/import.jpg","type":"image\/jpeg"}],"twitter_misc":{"Est. reading time":"1 minute"},"schema":{"@context":"https:\/\/schema.org","@graph":[{"@type":"WebPage","@id":"http:\/\/momentingroup.com\/en\/import\/","url":"http:\/\/momentingroup.com\/en\/import\/","name":"BevSeeker &#8211; Momentin Group","isPartOf":{"@id":"https:\/\/momentingroup.com\/en\/#website"},"primaryImageOfPage":{"@id":"http:\/\/momentingroup.com\/en\/import\/#primaryimage"},"image":{"@id":"http:\/\/momentingroup.com\/en\/import\/#primaryimage"},"thumbnailUrl":"https:\/\/momentingroup.com\/wp-content\/uploads\/import.jpg","datePublished":"2017-07-03T18:06:43+00:00","dateModified":"2026-03-02T13:12:32+00:00","breadcrumb":{"@id":"http:\/\/momentingroup.com\/en\/import\/#breadcrumb"},"inLanguage":"en-US","potentialAction":[{"@type":"ReadAction","target":["http:\/\/momentingroup.com\/en\/import\/"]}]},{"@type":"ImageObject","inLanguage":"en-US","@id":"http:\/\/momentingroup.com\/en\/import\/#primaryimage","url":"https:\/\/momentingroup.com\/wp-content\/uploads\/import.jpg","contentUrl":"https:\/\/momentingroup.com\/wp-content\/uploads\/import.jpg","width":2000,"height":960},{"@type":"BreadcrumbList","@id":"http:\/\/momentingroup.com\/en\/import\/#breadcrumb","itemListElement":[{"@type":"ListItem","position":1,"name":"Home","item":"http:\/\/momentingroup.com\/en\/"},{"@type":"ListItem","position":2,"name":"BevSeeker"}]},{"@type":"WebSite","@id":"https:\/\/momentingroup.com\/en\/#website","url":"https:\/\/momentingroup.com\/en\/","name":"Momentin Group","description":"El\u00e4m\u00e4 koostuu hetkist\u00e4","potentialAction":[{"@type":"SearchAction","target":{"@type":"EntryPoint","urlTemplate":"https:\/\/momentingroup.com\/en\/?s={search_term_string}"},"query-input":{"@type":"PropertyValueSpecification","valueRequired":true,"valueName":"search_term_string"}}],"inLanguage":"en-US"}]}},"_links":{"self":[{"href":"http:\/\/momentingroup.com\/en\/wp-json\/wp\/v2\/pages\/520","targetHints":{"allow":["GET"]}}],"collection":[{"href":"http:\/\/momentingroup.com\/en\/wp-json\/wp\/v2\/pages"}],"about":[{"href":"http:\/\/momentingroup.com\/en\/wp-json\/wp\/v2\/types\/page"}],"author":[{"embeddable":true,"href":"http:\/\/momentingroup.com\/en\/wp-json\/wp\/v2\/users\/1"}],"replies":[{"embeddable":true,"href":"http:\/\/momentingroup.com\/en\/wp-json\/wp\/v2\/comments?post=520"}],"version-history":[{"count":0,"href":"http:\/\/momentingroup.com\/en\/wp-json\/wp\/v2\/pages\/520\/revisions"}],"wp:featuredmedia":[{"embeddable":true,"href":"http:\/\/momentingroup.com\/en\/wp-json\/wp\/v2\/media\/344"}],"wp:attachment":[{"href":"http:\/\/momentingroup.com\/en\/wp-json\/wp\/v2\/media?parent=520"}],"curies":[{"name":"wp","href":"https:\/\/api.w.org\/{rel}","templated":true}]}}