{"id":751,"date":"2018-05-24T15:15:08","date_gmt":"2018-05-24T15:15:08","guid":{"rendered":"https:\/\/momentingroup.com\/?page_id=751"},"modified":"2018-05-24T15:15:08","modified_gmt":"2018-05-24T15:15:08","slug":"terms-of-use","status":"publish","type":"page","link":"http:\/\/momentingroup.com\/en\/terms-of-use\/","title":{"rendered":"Terms of use"},"content":{"rendered":"<p class=\"p2\"><span class=\"s1\">In these Terms of Use, we explain the terms concerning the use of material published on the site as well as our privacy policy. We reserve the right to change these terms and conditions as well as the contents of the site without prior notice.<\/span><\/p>\n<p class=\"p2\"><span class=\"s1\">By using the website you agree to these terms of use.<\/span><\/p>\n<p class=\"p4\"><span class=\"s1\"><b>1 What are cookies?<\/b><\/span><\/p>\n<p class=\"p2\"><span class=\"s1\">Cookies are small text files that can be used by web sites to make a user\u2019s experience more efficient. Cookies help us to identify your device once you enter the site, remember your personal preferences and improve your user experience as well as adjust the adverts on our site and on other web services.<\/span><\/p>\n<p class=\"p2\"><span class=\"s1\">Cookies are stored on the user\u2019s device on the first entry to the site and when re-entering the site, the cookies are transmitted back to our web site, or other, where they are identified. More information on cookies is available on <a href=\"http:\/\/AboutCookies.org\"><span class=\"s2\">AboutCookies.org<\/span><\/a>.<\/span><\/p>\n<p class=\"p4\"><span class=\"s1\"><b>2 What type of cookies are used on this site?<\/b><\/span><\/p>\n<p class=\"p2\"><span class=\"s1\">This site uses different types of cookie. They can be categorised based on the duration and the purpose of use.<\/span><\/p>\n<p class=\"p2\"><span class=\"s1\">This site uses both transient and permanent cookies. The transient cookies are stored in the computer\u2019s memory only during a user\u2019s browsing session and are automatically deleted from the user\u2019s computer when the browser is closed. The permanent cookies are stored on the user\u2019s computer and are not deleted when the browser is closed.<\/span><\/p>\n<p class=\"p5\"><span class=\"s1\"><b>Essential cookies<\/b><\/span><\/p>\n<p class=\"p2\"><span class=\"s1\">The law states that we can store cookies on your machine if they are essential to the operation of this site. These cookies do not track individual users or identify them for marketing purposes.<\/span><\/p>\n<p class=\"p5\"><span class=\"s1\"><b>Non-essential cookies <\/b><\/span><\/p>\n<p class=\"p5\"><span class=\"s1\">This site uses cookies to help us to analyse how users use the site (e.g. most visited pages, errors). We do not do this to track individual users or to identify them, but to gain useful knowledge about how the site is used so that we can keep improving it for our users. Without the knowledge we gain from the systems that use these cookies we would not be able to provide the service we do.<\/span><\/p>\n<p class=\"p5\"><span class=\"s1\">We use Google Analytics, a popular web analytics service provided by Google, Inc. Google Analytics uses cookies to help us to analyse how users use the site. The information generated by the cookie about your use of our website (including your IP address) will be transmitted to and stored by Google on servers that may be located outside the EU and are subject to local privacy policy.<\/span><\/p>\n<p class=\"p5\"><span class=\"s1\">More information about Google privacy policy and Google Analytics:<\/span><\/p>\n<p class=\"p7\"><span class=\"s2\"><a href=\"https:\/\/support.google.com\/analytics\/answer\/6004245\">Google Analytics privacy overview<\/a><\/span><\/p>\n<p class=\"p7\"><span class=\"s2\"><a href=\"https:\/\/tools.google.com\/dlpage\/gaoptout?hl=en=GB\">Opt out of Google Analytics tracking<\/a><\/span><\/p>\n<p class=\"p5\"><span class=\"s1\">This site may use Facebook and Twitter cookies. The information generated by these cookies may be transmitted to and stored by their servers outside the EU.<\/span><\/p>\n<p class=\"p5\"><span class=\"s1\">Functional cookies help us to remember your personal preferences (e.g. username, language or location) and improve your user experience with distinctive features.<\/span><\/p>\n<p class=\"p8\"><span class=\"s1\"><b>Third party cookies<\/b><\/span><\/p>\n<p class=\"p5\"><span class=\"s1\">Some third party cookies may be set on this site by services, such as Twitter and Facebook, that appear on our pages.They relate to the ability of users to share content on this site, as indicated by the push-button icons. They are set by the operators of that service and are not in our control.<\/span><\/p>\n<p class=\"p4\"><span class=\"s1\"><b>3 How to control and delete cookies?<\/b><\/span><\/p>\n<p class=\"p2\"><span class=\"s1\">The most popular browsers all accept the use of cookies, but also allow the user a level of control over them. As a user, you can set your browser to prevent the download of new cookies and delete the existing ones. You may also be able to set your browser to prompt the cookies each time a new one is offered.<\/span><\/p>\n<p class=\"p2\"><span class=\"s1\">If you want to disable future cookies or delete cookies that are already on your computer, please refer to the instructions for your file management software to locate the file or directory that stores cookies (Usually this can be found in the \u201cTools\u201d, \u00a0\u201cOptions\u201d \u00a0or \u201cEdit\u201d menu). More detailed instructions on how to block cookies or delete them, can be found at AboutCookies.org.<\/span><\/p>\n<p class=\"p2\"><span class=\"s1\">Please note that by deleting our cookies or disabling future cookies you may not be able to access certain areas or features of our site.<\/span><\/p>\n<p class=\"p2\"><span class=\"s1\"><b>4 Changes<\/b><\/span><\/p>\n<p class=\"p2\"><span class=\"s1\">We reserve the right to change our cookie policy. All changes will be notified here.<\/span><\/p>\n<p class=\"p2\"><span class=\"s1\">Updated 24.5.2018<\/span><\/p>\n","protected":false},"excerpt":{"rendered":"<p>In these Terms of Use, we explain the terms concerning the use of material published on the site as well as our privacy policy. We reserve the right to change these terms and conditions as well as the contents of the site without prior notice. By using the website you agree to these terms of use. 1 What are cookies? Cookies are small text files that can be used by web sites to make a user\u2019s experience more efficient. Cookies&hellip;<a href=\"http:\/\/momentingroup.com\/en\/terms-of-use\/\" class=\"read-more d-none\">Read more <i class=\"fa fa-angle-right\" aria-hidden=\"true\"><\/i>  <i class=\"icon ion-ios-arrow-forward\"><\/i><\/a><\/p>\n","protected":false},"author":2,"featured_media":0,"parent":0,"menu_order":0,"comment_status":"closed","ping_status":"closed","template":"","meta":{"_acf_changed":false,"footnotes":""},"class_list":["post-751","page","type-page","status-publish","hentry"],"acf":[],"yoast_head":"<!-- This site is optimized with the Yoast SEO plugin v27.3 - https:\/\/yoast.com\/product\/yoast-seo-wordpress\/ -->\n<title>Terms of use &#8211; Momentin Group<\/title>\n<meta name=\"robots\" content=\"index, follow, max-snippet:-1, max-image-preview:large, max-video-preview:-1\" \/>\n<link rel=\"canonical\" href=\"http:\/\/momentingroup.com\/en\/terms-of-use\/\" \/>\n<meta property=\"og:locale\" content=\"en_US\" \/>\n<meta property=\"og:type\" content=\"article\" \/>\n<meta property=\"og:title\" content=\"Terms of use &#8211; Momentin Group\" \/>\n<meta property=\"og:url\" content=\"http:\/\/momentingroup.com\/en\/terms-of-use\/\" \/>\n<meta property=\"og:site_name\" content=\"Momentin Group\" \/>\n<meta name=\"twitter:label1\" content=\"Est. reading time\" \/>\n\t<meta name=\"twitter:data1\" content=\"4 minutes\" \/>\n<script type=\"application\/ld+json\" class=\"yoast-schema-graph\">{\"@context\":\"https:\\\/\\\/schema.org\",\"@graph\":[{\"@type\":\"WebPage\",\"@id\":\"http:\\\/\\\/momentingroup.com\\\/en\\\/terms-of-use\\\/\",\"url\":\"http:\\\/\\\/momentingroup.com\\\/en\\\/terms-of-use\\\/\",\"name\":\"Terms of use &#8211; Momentin Group\",\"isPartOf\":{\"@id\":\"https:\\\/\\\/momentingroup.com\\\/en\\\/#website\"},\"datePublished\":\"2018-05-24T15:15:08+00:00\",\"breadcrumb\":{\"@id\":\"http:\\\/\\\/momentingroup.com\\\/en\\\/terms-of-use\\\/#breadcrumb\"},\"inLanguage\":\"en-US\",\"potentialAction\":[{\"@type\":\"ReadAction\",\"target\":[\"http:\\\/\\\/momentingroup.com\\\/en\\\/terms-of-use\\\/\"]}]},{\"@type\":\"BreadcrumbList\",\"@id\":\"http:\\\/\\\/momentingroup.com\\\/en\\\/terms-of-use\\\/#breadcrumb\",\"itemListElement\":[{\"@type\":\"ListItem\",\"position\":1,\"name\":\"Home\",\"item\":\"https:\\\/\\\/momentingroup.com\\\/en\\\/\"},{\"@type\":\"ListItem\",\"position\":2,\"name\":\"Terms of use\"}]},{\"@type\":\"WebSite\",\"@id\":\"https:\\\/\\\/momentingroup.com\\\/en\\\/#website\",\"url\":\"https:\\\/\\\/momentingroup.com\\\/en\\\/\",\"name\":\"Momentin Group\",\"description\":\"El\u00e4m\u00e4 koostuu hetkist\u00e4\",\"potentialAction\":[{\"@type\":\"SearchAction\",\"target\":{\"@type\":\"EntryPoint\",\"urlTemplate\":\"https:\\\/\\\/momentingroup.com\\\/en\\\/?s={search_term_string}\"},\"query-input\":{\"@type\":\"PropertyValueSpecification\",\"valueRequired\":true,\"valueName\":\"search_term_string\"}}],\"inLanguage\":\"en-US\"}]}<\/script>\n<!-- \/ Yoast SEO plugin. -->","yoast_head_json":{"title":"Terms of use &#8211; Momentin Group","robots":{"index":"index","follow":"follow","max-snippet":"max-snippet:-1","max-image-preview":"max-image-preview:large","max-video-preview":"max-video-preview:-1"},"canonical":"http:\/\/momentingroup.com\/en\/terms-of-use\/","og_locale":"en_US","og_type":"article","og_title":"Terms of use &#8211; Momentin Group","og_url":"http:\/\/momentingroup.com\/en\/terms-of-use\/","og_site_name":"Momentin Group","twitter_misc":{"Est. reading time":"4 minutes"},"schema":{"@context":"https:\/\/schema.org","@graph":[{"@type":"WebPage","@id":"http:\/\/momentingroup.com\/en\/terms-of-use\/","url":"http:\/\/momentingroup.com\/en\/terms-of-use\/","name":"Terms of use &#8211; Momentin Group","isPartOf":{"@id":"https:\/\/momentingroup.com\/en\/#website"},"datePublished":"2018-05-24T15:15:08+00:00","breadcrumb":{"@id":"http:\/\/momentingroup.com\/en\/terms-of-use\/#breadcrumb"},"inLanguage":"en-US","potentialAction":[{"@type":"ReadAction","target":["http:\/\/momentingroup.com\/en\/terms-of-use\/"]}]},{"@type":"BreadcrumbList","@id":"http:\/\/momentingroup.com\/en\/terms-of-use\/#breadcrumb","itemListElement":[{"@type":"ListItem","position":1,"name":"Home","item":"https:\/\/momentingroup.com\/en\/"},{"@type":"ListItem","position":2,"name":"Terms of use"}]},{"@type":"WebSite","@id":"https:\/\/momentingroup.com\/en\/#website","url":"https:\/\/momentingroup.com\/en\/","name":"Momentin Group","description":"El\u00e4m\u00e4 koostuu hetkist\u00e4","potentialAction":[{"@type":"SearchAction","target":{"@type":"EntryPoint","urlTemplate":"https:\/\/momentingroup.com\/en\/?s={search_term_string}"},"query-input":{"@type":"PropertyValueSpecification","valueRequired":true,"valueName":"search_term_string"}}],"inLanguage":"en-US"}]}},"_links":{"self":[{"href":"http:\/\/momentingroup.com\/en\/wp-json\/wp\/v2\/pages\/751","targetHints":{"allow":["GET"]}}],"collection":[{"href":"http:\/\/momentingroup.com\/en\/wp-json\/wp\/v2\/pages"}],"about":[{"href":"http:\/\/momentingroup.com\/en\/wp-json\/wp\/v2\/types\/page"}],"author":[{"embeddable":true,"href":"http:\/\/momentingroup.com\/en\/wp-json\/wp\/v2\/users\/2"}],"replies":[{"embeddable":true,"href":"http:\/\/momentingroup.com\/en\/wp-json\/wp\/v2\/comments?post=751"}],"version-history":[{"count":0,"href":"http:\/\/momentingroup.com\/en\/wp-json\/wp\/v2\/pages\/751\/revisions"}],"wp:attachment":[{"href":"http:\/\/momentingroup.com\/en\/wp-json\/wp\/v2\/media?parent=751"}],"curies":[{"name":"wp","href":"https:\/\/api.w.org\/{rel}","templated":true}]}}