{"id":518,"date":"2017-07-03T20:33:40","date_gmt":"2017-07-03T20:33:40","guid":{"rendered":"http:\/\/momentingroup.wpengine.com\/me\/"},"modified":"2026-02-05T13:15:57","modified_gmt":"2026-02-05T13:15:57","slug":"about-us","status":"publish","type":"page","link":"https:\/\/momentingroup.com\/en\/about-us\/","title":{"rendered":"About us"},"content":{"rendered":"<p>Momentin Group is a family company 100% owned by the Lehto family. It is the parent company of the Momentin group which employs approx. 100 experts in total and their strong expertise is based on over 30 years of experience in the beverage and restaurant industry.<\/p>\n<p>The group&#8217;s turnover is expected to be around EUR 25 million in 2026, and in addition to Finland, the group has operations in Estonia, Latvia and Lithuania.<\/p>\n<p>Each group company is independently responsible for its management. What we all have in common is a positive spirit of doing and active achievement in our everyday work by following these key principles &#8211; Dream Big, Act Strong, Face the Facts, Stay Humble, Keep it Simple and Win Together.<\/p>\n","protected":false},"excerpt":{"rendered":"<p>Momentin Group is a family company 100% owned by the Lehto family. It is the parent company of the Momentin group which employs approx. 100 experts in total and their strong expertise is based on over 30 years of experience in the beverage and restaurant industry. The group&#8217;s turnover is expected to be around EUR 25 million in 2026, and in addition to Finland, the group has operations in Estonia, Latvia and Lithuania. Each group company is independently responsible for&hellip;<a href=\"https:\/\/momentingroup.com\/en\/about-us\/\" class=\"read-more d-none\">Read more <i class=\"fa fa-angle-right\" aria-hidden=\"true\"><\/i>  <i class=\"icon ion-ios-arrow-forward\"><\/i><\/a><\/p>\n","protected":false},"author":1,"featured_media":376,"parent":0,"menu_order":15,"comment_status":"closed","ping_status":"closed","template":"page-me.php","meta":{"_acf_changed":false,"footnotes":""},"class_list":["post-518","page","type-page","status-publish","has-post-thumbnail","hentry"],"acf":[],"yoast_head":"<!-- This site is optimized with the Yoast SEO plugin v27.3 - https:\/\/yoast.com\/product\/yoast-seo-wordpress\/ -->\n<title>About us &#8211; Momentin Group<\/title>\n<meta name=\"robots\" content=\"index, follow, max-snippet:-1, max-image-preview:large, max-video-preview:-1\" \/>\n<link rel=\"canonical\" href=\"https:\/\/momentingroup.com\/en\/about-us\/\" \/>\n<meta property=\"og:locale\" content=\"en_US\" \/>\n<meta property=\"og:type\" content=\"article\" \/>\n<meta property=\"og:title\" content=\"About us &#8211; Momentin Group\" \/>\n<meta property=\"og:url\" content=\"https:\/\/momentingroup.com\/en\/about-us\/\" \/>\n<meta property=\"og:site_name\" content=\"Momentin Group\" \/>\n<meta property=\"article:modified_time\" content=\"2026-02-05T13:15:57+00:00\" \/>\n<meta property=\"og:image\" content=\"https:\/\/momentingroup.com\/wp-content\/uploads\/meista.jpg\" \/>\n\t<meta property=\"og:image:width\" content=\"2000\" \/>\n\t<meta property=\"og:image:height\" content=\"960\" \/>\n\t<meta property=\"og:image:type\" content=\"image\/jpeg\" \/>\n<meta name=\"twitter:label1\" content=\"Est. reading time\" \/>\n\t<meta name=\"twitter:data1\" content=\"1 minute\" \/>\n<script type=\"application\/ld+json\" class=\"yoast-schema-graph\">{\"@context\":\"https:\\\/\\\/schema.org\",\"@graph\":[{\"@type\":\"WebPage\",\"@id\":\"https:\\\/\\\/momentingroup.com\\\/en\\\/about-us\\\/\",\"url\":\"https:\\\/\\\/momentingroup.com\\\/en\\\/about-us\\\/\",\"name\":\"About us &#8211; Momentin Group\",\"isPartOf\":{\"@id\":\"http:\\\/\\\/momentingroup.com\\\/en\\\/#website\"},\"primaryImageOfPage\":{\"@id\":\"https:\\\/\\\/momentingroup.com\\\/en\\\/about-us\\\/#primaryimage\"},\"image\":{\"@id\":\"https:\\\/\\\/momentingroup.com\\\/en\\\/about-us\\\/#primaryimage\"},\"thumbnailUrl\":\"https:\\\/\\\/momentingroup.com\\\/wp-content\\\/uploads\\\/meista.jpg\",\"datePublished\":\"2017-07-03T20:33:40+00:00\",\"dateModified\":\"2026-02-05T13:15:57+00:00\",\"breadcrumb\":{\"@id\":\"https:\\\/\\\/momentingroup.com\\\/en\\\/about-us\\\/#breadcrumb\"},\"inLanguage\":\"en-US\",\"potentialAction\":[{\"@type\":\"ReadAction\",\"target\":[\"https:\\\/\\\/momentingroup.com\\\/en\\\/about-us\\\/\"]}]},{\"@type\":\"ImageObject\",\"inLanguage\":\"en-US\",\"@id\":\"https:\\\/\\\/momentingroup.com\\\/en\\\/about-us\\\/#primaryimage\",\"url\":\"https:\\\/\\\/momentingroup.com\\\/wp-content\\\/uploads\\\/meista.jpg\",\"contentUrl\":\"https:\\\/\\\/momentingroup.com\\\/wp-content\\\/uploads\\\/meista.jpg\",\"width\":2000,\"height\":960},{\"@type\":\"BreadcrumbList\",\"@id\":\"https:\\\/\\\/momentingroup.com\\\/en\\\/about-us\\\/#breadcrumb\",\"itemListElement\":[{\"@type\":\"ListItem\",\"position\":1,\"name\":\"Home\",\"item\":\"https:\\\/\\\/momentingroup.com\\\/en\\\/\"},{\"@type\":\"ListItem\",\"position\":2,\"name\":\"About us\"}]},{\"@type\":\"WebSite\",\"@id\":\"http:\\\/\\\/momentingroup.com\\\/en\\\/#website\",\"url\":\"http:\\\/\\\/momentingroup.com\\\/en\\\/\",\"name\":\"Momentin Group\",\"description\":\"El\u00e4m\u00e4 koostuu hetkist\u00e4\",\"potentialAction\":[{\"@type\":\"SearchAction\",\"target\":{\"@type\":\"EntryPoint\",\"urlTemplate\":\"http:\\\/\\\/momentingroup.com\\\/en\\\/?s={search_term_string}\"},\"query-input\":{\"@type\":\"PropertyValueSpecification\",\"valueRequired\":true,\"valueName\":\"search_term_string\"}}],\"inLanguage\":\"en-US\"}]}<\/script>\n<!-- \/ Yoast SEO plugin. -->","yoast_head_json":{"title":"About us &#8211; Momentin Group","robots":{"index":"index","follow":"follow","max-snippet":"max-snippet:-1","max-image-preview":"max-image-preview:large","max-video-preview":"max-video-preview:-1"},"canonical":"https:\/\/momentingroup.com\/en\/about-us\/","og_locale":"en_US","og_type":"article","og_title":"About us &#8211; Momentin Group","og_url":"https:\/\/momentingroup.com\/en\/about-us\/","og_site_name":"Momentin Group","article_modified_time":"2026-02-05T13:15:57+00:00","og_image":[{"width":2000,"height":960,"url":"https:\/\/momentingroup.com\/wp-content\/uploads\/meista.jpg","type":"image\/jpeg"}],"twitter_misc":{"Est. reading time":"1 minute"},"schema":{"@context":"https:\/\/schema.org","@graph":[{"@type":"WebPage","@id":"https:\/\/momentingroup.com\/en\/about-us\/","url":"https:\/\/momentingroup.com\/en\/about-us\/","name":"About us &#8211; Momentin Group","isPartOf":{"@id":"http:\/\/momentingroup.com\/en\/#website"},"primaryImageOfPage":{"@id":"https:\/\/momentingroup.com\/en\/about-us\/#primaryimage"},"image":{"@id":"https:\/\/momentingroup.com\/en\/about-us\/#primaryimage"},"thumbnailUrl":"https:\/\/momentingroup.com\/wp-content\/uploads\/meista.jpg","datePublished":"2017-07-03T20:33:40+00:00","dateModified":"2026-02-05T13:15:57+00:00","breadcrumb":{"@id":"https:\/\/momentingroup.com\/en\/about-us\/#breadcrumb"},"inLanguage":"en-US","potentialAction":[{"@type":"ReadAction","target":["https:\/\/momentingroup.com\/en\/about-us\/"]}]},{"@type":"ImageObject","inLanguage":"en-US","@id":"https:\/\/momentingroup.com\/en\/about-us\/#primaryimage","url":"https:\/\/momentingroup.com\/wp-content\/uploads\/meista.jpg","contentUrl":"https:\/\/momentingroup.com\/wp-content\/uploads\/meista.jpg","width":2000,"height":960},{"@type":"BreadcrumbList","@id":"https:\/\/momentingroup.com\/en\/about-us\/#breadcrumb","itemListElement":[{"@type":"ListItem","position":1,"name":"Home","item":"https:\/\/momentingroup.com\/en\/"},{"@type":"ListItem","position":2,"name":"About us"}]},{"@type":"WebSite","@id":"http:\/\/momentingroup.com\/en\/#website","url":"http:\/\/momentingroup.com\/en\/","name":"Momentin Group","description":"El\u00e4m\u00e4 koostuu hetkist\u00e4","potentialAction":[{"@type":"SearchAction","target":{"@type":"EntryPoint","urlTemplate":"http:\/\/momentingroup.com\/en\/?s={search_term_string}"},"query-input":{"@type":"PropertyValueSpecification","valueRequired":true,"valueName":"search_term_string"}}],"inLanguage":"en-US"}]}},"_links":{"self":[{"href":"https:\/\/momentingroup.com\/en\/wp-json\/wp\/v2\/pages\/518","targetHints":{"allow":["GET"]}}],"collection":[{"href":"https:\/\/momentingroup.com\/en\/wp-json\/wp\/v2\/pages"}],"about":[{"href":"https:\/\/momentingroup.com\/en\/wp-json\/wp\/v2\/types\/page"}],"author":[{"embeddable":true,"href":"https:\/\/momentingroup.com\/en\/wp-json\/wp\/v2\/users\/1"}],"replies":[{"embeddable":true,"href":"https:\/\/momentingroup.com\/en\/wp-json\/wp\/v2\/comments?post=518"}],"version-history":[{"count":0,"href":"https:\/\/momentingroup.com\/en\/wp-json\/wp\/v2\/pages\/518\/revisions"}],"wp:featuredmedia":[{"embeddable":true,"href":"https:\/\/momentingroup.com\/en\/wp-json\/wp\/v2\/media\/376"}],"wp:attachment":[{"href":"https:\/\/momentingroup.com\/en\/wp-json\/wp\/v2\/media?parent=518"}],"curies":[{"name":"wp","href":"https:\/\/api.w.org\/{rel}","templated":true}]}}